{"id":2864,"date":"2023-06-25T05:28:40","date_gmt":"2023-06-25T05:28:40","guid":{"rendered":"https:\/\/trivietstem.edu.vn\/?page_id=2864"},"modified":"2023-07-14T09:07:40","modified_gmt":"2023-07-14T09:07:40","slug":"stem-tri-viet","status":"publish","type":"page","link":"https:\/\/trivietstem.edu.vn\/?page_id=2864","title":{"rendered":"STEM Tr\u00ed Vi\u1ec7t"},"content":{"rendered":"\t\t<div data-elementor-type=\"wp-page\" data-elementor-id=\"2864\" class=\"elementor elementor-2864\">\n\t\t\t\t\t\t\t\t\t<section class=\"elementor-section elementor-top-section elementor-element elementor-element-a2e5ad0 elementor-section-boxed elementor-section-height-default elementor-section-height-default\" data-id=\"a2e5ad0\" data-element_type=\"section\">\n\t\t\t\t\t\t<div class=\"elementor-container elementor-column-gap-default\">\n\t\t\t\t\t<div class=\"elementor-column elementor-col-100 elementor-top-column elementor-element elementor-element-a0e13fb\" data-id=\"a0e13fb\" data-element_type=\"column\">\n\t\t\t<div class=\"elementor-widget-wrap elementor-element-populated\">\n\t\t\t\t\t\t\t\t<div class=\"elementor-element elementor-element-f3b64eb elementor-widget elementor-widget-image\" data-id=\"f3b64eb\" data-element_type=\"widget\" data-widget_type=\"image.default\">\n\t\t\t\t<div class=\"elementor-widget-container\">\n\t\t\t<style>\/*! elementor - v3.13.3 - 28-05-2023 *\/\n.elementor-widget-image{text-align:center}.elementor-widget-image a{display:inline-block}.elementor-widget-image a img[src$=\".svg\"]{width:48px}.elementor-widget-image img{vertical-align:middle;display:inline-block}<\/style>\t\t\t\t\t\t\t\t\t\t\t\t<img decoding=\"async\" width=\"690\" height=\"517\" src=\"https:\/\/trivietstem.edu.vn\/wp-content\/uploads\/2023\/07\/giao-duc.jpeg\" class=\"attachment-medium_large size-medium_large wp-image-2961\" alt=\"\" loading=\"lazy\" srcset=\"https:\/\/trivietstem.edu.vn\/wp-content\/uploads\/2023\/07\/giao-duc.jpeg 690w, https:\/\/trivietstem.edu.vn\/wp-content\/uploads\/2023\/07\/giao-duc-300x225.jpeg 300w\" sizes=\"(max-width: 690px) 100vw, 690px\" \/>\t\t\t\t\t\t\t\t\t\t\t\t\t\t\t<\/div>\n\t\t\t\t<\/div>\n\t\t\t\t\t<\/div>\n\t\t<\/div>\n\t\t\t\t\t\t\t<\/div>\n\t\t<\/section>\n\t\t\t\t<section class=\"elementor-section elementor-top-section elementor-element elementor-element-2e559f8 elementor-section-boxed elementor-section-height-default elementor-section-height-default\" data-id=\"2e559f8\" data-element_type=\"section\">\n\t\t\t\t\t\t<div class=\"elementor-container elementor-column-gap-default\">\n\t\t\t\t\t<div class=\"elementor-column elementor-col-100 elementor-top-column elementor-element elementor-element-cb425cb\" data-id=\"cb425cb\" data-element_type=\"column\">\n\t\t\t<div class=\"elementor-widget-wrap elementor-element-populated\">\n\t\t\t\t\t\t\t\t<div class=\"elementor-element elementor-element-73fbb83 elementor-widget elementor-widget-text-editor\" data-id=\"73fbb83\" data-element_type=\"widget\" data-widget_type=\"text-editor.default\">\n\t\t\t\t<div class=\"elementor-widget-container\">\n\t\t\t<style>\/*! elementor - v3.13.3 - 28-05-2023 *\/\n.elementor-widget-text-editor.elementor-drop-cap-view-stacked .elementor-drop-cap{background-color:#69727d;color:#fff}.elementor-widget-text-editor.elementor-drop-cap-view-framed .elementor-drop-cap{color:#69727d;border:3px solid;background-color:transparent}.elementor-widget-text-editor:not(.elementor-drop-cap-view-default) .elementor-drop-cap{margin-top:8px}.elementor-widget-text-editor:not(.elementor-drop-cap-view-default) .elementor-drop-cap-letter{width:1em;height:1em}.elementor-widget-text-editor .elementor-drop-cap{float:left;text-align:center;line-height:1;font-size:50px}.elementor-widget-text-editor .elementor-drop-cap-letter{display:inline-block}<\/style>\t\t\t\t<h1 class=\"card-title\" style=\"text-align: center;\">GI\u00c1O D\u1ee4C STEM<\/h1><p>STEM\u00a0l\u00e0 ph\u01b0\u01a1ng ph\u00e1p gi\u00e1o d\u1ee5c t\u00edch h\u1ee3p li\u00ean m\u00f4n, vi\u1ebft t\u1eaft c\u1ee7a c\u00e1c t\u1eeb Science (Khoa h\u1ecdc), Technology (C\u00f4ng ngh\u1ec7), Engineering (K\u1ef9 thu\u1eadt) v\u00e0 Math (To\u00e1n h\u1ecdc).<\/p><p><br \/>Tham gia gi\u00e1o d\u1ee5c tr\u1ea3i nghi\u1ec7m STEM c\u00e1c b\u1ea1n s\u1ebd \u0111\u01b0\u1ee3c:<\/p><ul><li>\u0110\u01b0\u1ee3c \u0111i h\u1ecdc v\u00e0 k\u1ebft n\u1ed1i to\u00e0n c\u1ea7u<\/li><li>Ph\u00e1t tri\u1ec3n k\u1ef9 n\u0103ng x\u00e3 h\u1ed9i th\u1ebf k\u1ec9 21<\/li><li>Trang b\u1ecb ki\u1ebfn th\u1ee9c to\u00e0n di\u1ec7n<\/li><li>\u0110\u1ecbnh h\u01b0\u1edbng ngh\u1ec1 nghi\u1ec7p<\/li><\/ul><p>C\u00e1c ph\u1ee5 huynh s\u1ebd \u0111\u01b0\u1ee3c:<\/p><ul><li>C\u00e1c chuy\u00ean gia gi\u00e1o d\u1ee5c k\u1ef9 n\u0103ng s\u1ed1ng ph\u00e2n t\u00edch, \u0111\u00e1nh gi\u00e1 \u01b0u \u0111i\u1ec3m, nh\u01b0\u1ee3c \u0111i\u1ec3m v\u00e0 k\u1ef9 n\u0103ng c\u1ee7a tr\u1ebb.<\/li><li>\u0110\u01b0\u1ee3c ph\u00e2n t\u00edch t\u00ednh c\u00e1ch v\u00e0 n\u0103ng l\u1ef1c c\u1ee7a tr\u1ebb qua Sinh tr\u1eafc v\u00e2n tay.<\/li><li>C\u00f9ng chuy\u00ean gia v\u00e0 gi\u00e1o vi\u00ean x\u00e2y d\u1ef1ng l\u1ed9 tr\u00ecnh r\u00e8n luy\u1ec7n, ph\u00e1t tri\u1ec3n k\u1ef9 n\u0103ng s\u1ed1ng cho tr\u1ebb.\u00a0<\/li><li>\u0110\u01b0\u1ee3c cung c\u1ea5p n\u1ed9i dung ch\u01b0\u01a1ng tr\u00ecnh h\u1ecdc, c\u00e1c h\u01b0\u1edbng d\u1eabn, g\u1ee3i \u00fd v\u1ec1 ph\u01b0\u01a1ng ph\u00e1p, c\u00e1ch th\u1ee9c t\u01b0\u01a1ng t\u00e1c v\u1edbi tr\u1ebb.\u00a0<\/li><li>\u0110\u01b0\u1ee3c nh\u1eadn c\u00e1c b\u00e1o c\u00e1o ph\u00e1t tri\u1ec3n c\u1ee7a tr\u1ebb em theo t\u1eebng giai \u0111o\u1ea1n.<\/li><\/ul>\t\t\t\t\t\t<\/div>\n\t\t\t\t<\/div>\n\t\t\t\t\t<\/div>\n\t\t<\/div>\n\t\t\t\t\t\t\t<\/div>\n\t\t<\/section>\n\t\t\t\t\t\t\t<\/div>\n\t\t","protected":false},"excerpt":{"rendered":"<p>GI\u00c1O D\u1ee4C STEM STEM\u00a0l\u00e0 ph\u01b0\u01a1ng ph\u00e1p gi\u00e1o d\u1ee5c t\u00edch h\u1ee3p li\u00ean m\u00f4n, vi\u1ebft t\u1eaft c\u1ee7a c\u00e1c t\u1eeb Science (Khoa h\u1ecdc), Technology (C\u00f4ng ngh\u1ec7), Engineering (K\u1ef9 thu\u1eadt) v\u00e0 Math (To\u00e1n h\u1ecdc). Tham gia gi\u00e1o d\u1ee5c tr\u1ea3i nghi\u1ec7m STEM c\u00e1c b\u1ea1n s\u1ebd \u0111\u01b0\u1ee3c: \u0110\u01b0\u1ee3c \u0111i h\u1ecdc v\u00e0 k\u1ebft n\u1ed1i to\u00e0n c\u1ea7u Ph\u00e1t tri\u1ec3n k\u1ef9 n\u0103ng x\u00e3 h\u1ed9i&#8230;<\/p>\n","protected":false},"author":1,"featured_media":0,"parent":0,"menu_order":0,"comment_status":"closed","ping_status":"closed","template":"","meta":[],"_links":{"self":[{"href":"https:\/\/trivietstem.edu.vn\/index.php?rest_route=\/wp\/v2\/pages\/2864"}],"collection":[{"href":"https:\/\/trivietstem.edu.vn\/index.php?rest_route=\/wp\/v2\/pages"}],"about":[{"href":"https:\/\/trivietstem.edu.vn\/index.php?rest_route=\/wp\/v2\/types\/page"}],"author":[{"embeddable":true,"href":"https:\/\/trivietstem.edu.vn\/index.php?rest_route=\/wp\/v2\/users\/1"}],"replies":[{"embeddable":true,"href":"https:\/\/trivietstem.edu.vn\/index.php?rest_route=%2Fwp%2Fv2%2Fcomments&post=2864"}],"version-history":[{"count":4,"href":"https:\/\/trivietstem.edu.vn\/index.php?rest_route=\/wp\/v2\/pages\/2864\/revisions"}],"predecessor-version":[{"id":2964,"href":"https:\/\/trivietstem.edu.vn\/index.php?rest_route=\/wp\/v2\/pages\/2864\/revisions\/2964"}],"wp:attachment":[{"href":"https:\/\/trivietstem.edu.vn\/index.php?rest_route=%2Fwp%2Fv2%2Fmedia&parent=2864"}],"curies":[{"name":"wp","href":"https:\/\/api.w.org\/{rel}","templated":true}]}}