{"id":2866,"date":"2023-06-25T05:29:19","date_gmt":"2023-06-25T05:29:19","guid":{"rendered":"https:\/\/trivietstem.edu.vn\/?page_id=2866"},"modified":"2023-07-14T08:57:01","modified_gmt":"2023-07-14T08:57:01","slug":"stem-ky-nang","status":"publish","type":"page","link":"https:\/\/trivietstem.edu.vn\/?page_id=2866","title":{"rendered":"STEM K\u1ef9 N\u0103ng"},"content":{"rendered":"\t\t<div data-elementor-type=\"wp-page\" data-elementor-id=\"2866\" class=\"elementor elementor-2866\">\n\t\t\t\t\t\t\t\t\t<section class=\"elementor-section elementor-top-section elementor-element elementor-element-b8a4c2d elementor-section-boxed elementor-section-height-default elementor-section-height-default\" data-id=\"b8a4c2d\" data-element_type=\"section\">\n\t\t\t\t\t\t<div class=\"elementor-container elementor-column-gap-default\">\n\t\t\t\t\t<div class=\"elementor-column elementor-col-100 elementor-top-column elementor-element elementor-element-76a1f9f\" data-id=\"76a1f9f\" data-element_type=\"column\">\n\t\t\t<div class=\"elementor-widget-wrap elementor-element-populated\">\n\t\t\t\t\t\t\t\t<div class=\"elementor-element elementor-element-63a5826 elementor-widget elementor-widget-image\" data-id=\"63a5826\" data-element_type=\"widget\" data-widget_type=\"image.default\">\n\t\t\t\t<div class=\"elementor-widget-container\">\n\t\t\t<style>\/*! elementor - v3.13.3 - 28-05-2023 *\/\n.elementor-widget-image{text-align:center}.elementor-widget-image a{display:inline-block}.elementor-widget-image a img[src$=\".svg\"]{width:48px}.elementor-widget-image img{vertical-align:middle;display:inline-block}<\/style>\t\t\t\t\t\t\t\t\t\t\t\t<img decoding=\"async\" width=\"690\" height=\"517\" src=\"https:\/\/trivietstem.edu.vn\/wp-content\/uploads\/2023\/07\/ky-nang-song.jpeg\" class=\"attachment-medium_large size-medium_large wp-image-2950\" alt=\"\" loading=\"lazy\" srcset=\"https:\/\/trivietstem.edu.vn\/wp-content\/uploads\/2023\/07\/ky-nang-song.jpeg 690w, https:\/\/trivietstem.edu.vn\/wp-content\/uploads\/2023\/07\/ky-nang-song-300x225.jpeg 300w\" sizes=\"(max-width: 690px) 100vw, 690px\" \/>\t\t\t\t\t\t\t\t\t\t\t\t\t\t\t<\/div>\n\t\t\t\t<\/div>\n\t\t\t\t\t<\/div>\n\t\t<\/div>\n\t\t\t\t\t\t\t<\/div>\n\t\t<\/section>\n\t\t\t\t<section class=\"elementor-section elementor-top-section elementor-element elementor-element-9734783 elementor-section-boxed elementor-section-height-default elementor-section-height-default\" data-id=\"9734783\" data-element_type=\"section\">\n\t\t\t\t\t\t<div class=\"elementor-container elementor-column-gap-default\">\n\t\t\t\t\t<div class=\"elementor-column elementor-col-100 elementor-top-column elementor-element elementor-element-d5229f9\" data-id=\"d5229f9\" data-element_type=\"column\">\n\t\t\t<div class=\"elementor-widget-wrap elementor-element-populated\">\n\t\t\t\t\t\t\t\t<div class=\"elementor-element elementor-element-2c40a73 elementor-widget elementor-widget-text-editor\" data-id=\"2c40a73\" data-element_type=\"widget\" data-widget_type=\"text-editor.default\">\n\t\t\t\t<div class=\"elementor-widget-container\">\n\t\t\t<style>\/*! elementor - v3.13.3 - 28-05-2023 *\/\n.elementor-widget-text-editor.elementor-drop-cap-view-stacked .elementor-drop-cap{background-color:#69727d;color:#fff}.elementor-widget-text-editor.elementor-drop-cap-view-framed .elementor-drop-cap{color:#69727d;border:3px solid;background-color:transparent}.elementor-widget-text-editor:not(.elementor-drop-cap-view-default) .elementor-drop-cap{margin-top:8px}.elementor-widget-text-editor:not(.elementor-drop-cap-view-default) .elementor-drop-cap-letter{width:1em;height:1em}.elementor-widget-text-editor .elementor-drop-cap{float:left;text-align:center;line-height:1;font-size:50px}.elementor-widget-text-editor .elementor-drop-cap-letter{display:inline-block}<\/style>\t\t\t\t<h1 style=\"text-align: center;\">K\u1ef8 N\u0102NG S\u1ed0NG<\/h1><p class=\"card-text\">H\u1ec7 th\u1ed1ng gi\u00e1o d\u1ee5c k\u1ef9 n\u0103ng s\u1ed1ng Cara \u00a0ho\u1ea1t \u0111\u1ed9ng t\u1ea1i Vi\u1ec7t Nam th\u00f4ng qua s\u1ef1 h\u1ee3p t\u00e1c gi\u1eefa t\u1eadp \u0111o\u00e0n gi\u00e1o d\u1ee5c FasTracKids Hoa K\u1ef3 v\u00e0 T\u1eadp \u0111o\u00e0n gi\u00e1o d\u1ee5c Tr\u00ed Vi\u1ec7t. Sau 9 n\u0103m ph\u00e1t tri\u1ec3n, H\u1ec7 th\u1ed1ng gi\u00e1o d\u1ee5c k\u1ef9 n\u0103ng s\u1ed1ng Cara\u00a0 (t\u00ean g\u1ecdi c\u0169 iSmartKids) l\u00e0 th\u01b0\u01a1ng hi\u1ec7u h\u00e0ng \u0111\u1ea7u v\u1ec1 gi\u00e1o d\u1ee5c k\u1ef9 n\u0103ng s\u1ed1ng ch\u1ea5t l\u01b0\u1ee3ng cao cho h\u1ecdc sinh Vi\u1ec7t Nam.\u00a0<\/p><p class=\"card-text\">C\u00e1c ch\u01b0\u01a1ng tr\u00ecnh \u0111\u00e0o t\u1ea1o c\u1ee7a K\u1ef9 n\u0103ng s\u1ed1ng Cara:<\/p><ul><li><p>Ch\u01b0\u01a1ng tr\u00ecnh FasTracKids \u2013 STEM<\/p><\/li><li><p>Ch\u01b0\u01a1ng tr\u00ecnh iSmartKid<\/p><\/li><li><p>Kids Leader v\u00e0 Teen Leader<\/p><\/li><li><p>Ch\u01b0\u01a1ng tr\u00ecnh Cara Summer<\/p><\/li><\/ul>\t\t\t\t\t\t<\/div>\n\t\t\t\t<\/div>\n\t\t\t\t\t<\/div>\n\t\t<\/div>\n\t\t\t\t\t\t\t<\/div>\n\t\t<\/section>\n\t\t\t\t\t\t\t<\/div>\n\t\t","protected":false},"excerpt":{"rendered":"<p>K\u1ef8 N\u0102NG S\u1ed0NG H\u1ec7 th\u1ed1ng gi\u00e1o d\u1ee5c k\u1ef9 n\u0103ng s\u1ed1ng Cara \u00a0ho\u1ea1t \u0111\u1ed9ng t\u1ea1i Vi\u1ec7t Nam th\u00f4ng qua s\u1ef1 h\u1ee3p t\u00e1c gi\u1eefa t\u1eadp \u0111o\u00e0n gi\u00e1o d\u1ee5c FasTracKids Hoa K\u1ef3 v\u00e0 T\u1eadp \u0111o\u00e0n gi\u00e1o d\u1ee5c Tr\u00ed Vi\u1ec7t. Sau 9 n\u0103m ph\u00e1t tri\u1ec3n, H\u1ec7 th\u1ed1ng gi\u00e1o d\u1ee5c k\u1ef9 n\u0103ng s\u1ed1ng Cara\u00a0 (t\u00ean g\u1ecdi c\u0169 iSmartKids) l\u00e0 th\u01b0\u01a1ng&#8230;<\/p>\n","protected":false},"author":1,"featured_media":0,"parent":0,"menu_order":0,"comment_status":"closed","ping_status":"closed","template":"","meta":[],"_links":{"self":[{"href":"https:\/\/trivietstem.edu.vn\/index.php?rest_route=\/wp\/v2\/pages\/2866"}],"collection":[{"href":"https:\/\/trivietstem.edu.vn\/index.php?rest_route=\/wp\/v2\/pages"}],"about":[{"href":"https:\/\/trivietstem.edu.vn\/index.php?rest_route=\/wp\/v2\/types\/page"}],"author":[{"embeddable":true,"href":"https:\/\/trivietstem.edu.vn\/index.php?rest_route=\/wp\/v2\/users\/1"}],"replies":[{"embeddable":true,"href":"https:\/\/trivietstem.edu.vn\/index.php?rest_route=%2Fwp%2Fv2%2Fcomments&post=2866"}],"version-history":[{"count":7,"href":"https:\/\/trivietstem.edu.vn\/index.php?rest_route=\/wp\/v2\/pages\/2866\/revisions"}],"predecessor-version":[{"id":2956,"href":"https:\/\/trivietstem.edu.vn\/index.php?rest_route=\/wp\/v2\/pages\/2866\/revisions\/2956"}],"wp:attachment":[{"href":"https:\/\/trivietstem.edu.vn\/index.php?rest_route=%2Fwp%2Fv2%2Fmedia&parent=2866"}],"curies":[{"name":"wp","href":"https:\/\/api.w.org\/{rel}","templated":true}]}}