{"id":2868,"date":"2023-06-25T05:29:35","date_gmt":"2023-06-25T05:29:35","guid":{"rendered":"https:\/\/trivietstem.edu.vn\/?page_id=2868"},"modified":"2023-07-14T09:01:49","modified_gmt":"2023-07-14T09:01:49","slug":"stem-ngoai-troi","status":"publish","type":"page","link":"https:\/\/trivietstem.edu.vn\/?page_id=2868","title":{"rendered":"STEM Ngo\u00e0i Tr\u1eddi"},"content":{"rendered":"\t\t<div data-elementor-type=\"wp-page\" data-elementor-id=\"2868\" class=\"elementor elementor-2868\">\n\t\t\t\t\t\t\t\t\t<section class=\"elementor-section elementor-top-section elementor-element elementor-element-cbb700e elementor-section-boxed elementor-section-height-default elementor-section-height-default\" data-id=\"cbb700e\" data-element_type=\"section\">\n\t\t\t\t\t\t<div class=\"elementor-container elementor-column-gap-default\">\n\t\t\t\t\t<div class=\"elementor-column elementor-col-100 elementor-top-column elementor-element elementor-element-67c5b62\" data-id=\"67c5b62\" data-element_type=\"column\">\n\t\t\t<div class=\"elementor-widget-wrap elementor-element-populated\">\n\t\t\t\t\t\t\t\t<div class=\"elementor-element elementor-element-14b2703 elementor-widget elementor-widget-image\" data-id=\"14b2703\" data-element_type=\"widget\" data-widget_type=\"image.default\">\n\t\t\t\t<div class=\"elementor-widget-container\">\n\t\t\t<style>\/*! elementor - v3.13.3 - 28-05-2023 *\/\n.elementor-widget-image{text-align:center}.elementor-widget-image a{display:inline-block}.elementor-widget-image a img[src$=\".svg\"]{width:48px}.elementor-widget-image img{vertical-align:middle;display:inline-block}<\/style>\t\t\t\t\t\t\t\t\t\t\t\t<img decoding=\"async\" width=\"690\" height=\"517\" src=\"https:\/\/trivietstem.edu.vn\/wp-content\/uploads\/2023\/07\/ngoai-troi.jpeg\" class=\"attachment-medium_large size-medium_large wp-image-2957\" alt=\"\" loading=\"lazy\" srcset=\"https:\/\/trivietstem.edu.vn\/wp-content\/uploads\/2023\/07\/ngoai-troi.jpeg 690w, https:\/\/trivietstem.edu.vn\/wp-content\/uploads\/2023\/07\/ngoai-troi-300x225.jpeg 300w\" sizes=\"(max-width: 690px) 100vw, 690px\" \/>\t\t\t\t\t\t\t\t\t\t\t\t\t\t\t<\/div>\n\t\t\t\t<\/div>\n\t\t\t\t\t<\/div>\n\t\t<\/div>\n\t\t\t\t\t\t\t<\/div>\n\t\t<\/section>\n\t\t\t\t<section class=\"elementor-section elementor-top-section elementor-element elementor-element-98fe92e elementor-section-boxed elementor-section-height-default elementor-section-height-default\" data-id=\"98fe92e\" data-element_type=\"section\">\n\t\t\t\t\t\t<div class=\"elementor-container elementor-column-gap-default\">\n\t\t\t\t\t<div class=\"elementor-column elementor-col-100 elementor-top-column elementor-element elementor-element-bb76996\" data-id=\"bb76996\" data-element_type=\"column\">\n\t\t\t<div class=\"elementor-widget-wrap elementor-element-populated\">\n\t\t\t\t\t\t\t\t<div class=\"elementor-element elementor-element-d84d35d elementor-widget elementor-widget-text-editor\" data-id=\"d84d35d\" data-element_type=\"widget\" data-widget_type=\"text-editor.default\">\n\t\t\t\t<div class=\"elementor-widget-container\">\n\t\t\t<style>\/*! elementor - v3.13.3 - 28-05-2023 *\/\n.elementor-widget-text-editor.elementor-drop-cap-view-stacked .elementor-drop-cap{background-color:#69727d;color:#fff}.elementor-widget-text-editor.elementor-drop-cap-view-framed .elementor-drop-cap{color:#69727d;border:3px solid;background-color:transparent}.elementor-widget-text-editor:not(.elementor-drop-cap-view-default) .elementor-drop-cap{margin-top:8px}.elementor-widget-text-editor:not(.elementor-drop-cap-view-default) .elementor-drop-cap-letter{width:1em;height:1em}.elementor-widget-text-editor .elementor-drop-cap{float:left;text-align:center;line-height:1;font-size:50px}.elementor-widget-text-editor .elementor-drop-cap-letter{display:inline-block}<\/style>\t\t\t\t<h1 style=\"margin-bottom: 1rem; font-size: 14px; color: #212529; font-family: Roboto, 'Odoo Unicode Support Noto', sans-serif; text-align: justify;\">\u00a0<\/h1><h3 style=\"margin-bottom: 0.75rem; font-family: 'Source Sans Pro', 'Odoo Unicode Support Noto', sans-serif; font-weight: 500; line-height: 1.2; font-size: 1.53125rem; color: #212529; text-align: center;\"><span style=\"font-weight: bolder;\">GI\u00c1O D\u1ee4C TR\u1ea2I NGHI\u1ec6M<\/span><\/h3><p style=\"margin-bottom: 1rem; font-size: 14px; color: #212529; font-family: Roboto, 'Odoo Unicode Support Noto', sans-serif; text-align: justify;\">L\u00e0 m\u00f9a h\u00e8 \u0111\u00fang ngh\u0129a khi c\u00e1c con \u0111\u01b0\u1ee3c r\u1eddi xa s\u00e1ch v\u1edf, TV, iPad \u0111\u1ec3\u00a0<span style=\"font-weight: bolder;\">SAY M\u00ca<\/span>\u00a0v\u1edbi nh\u1eefng tr\u1ea3i nghi\u1ec7m th\u00fa v\u1ecb v\u00e0 \u0111\u01b0\u1ee3c \u0111\u01b0\u1ee3c t\u1ef1 do\u00a0<span style=\"font-weight: bolder;\">S\u00c1NG T\u1ea0O<\/span>\u00a0v\u1edbi c\u00e1c ho\u1ea1t \u0111\u1ed9ng ngh\u1ec7 thu\u1eadt.\u00a0<\/p><p style=\"margin-bottom: 1rem; font-size: 14px; color: #212529; font-family: Roboto, 'Odoo Unicode Support Noto', sans-serif; text-align: justify;\">Nh\u1eefng k\u1ef9 n\u0103ng th\u1ebf k\u1ef7 21 k\u1ebft h\u1ee3p v\u1edbi v\u1eadn \u0111\u1ed9ng th\u1ec3 thao s\u1ebd mang l\u1ea1i tri th\u1ee9c v\u00e0 ngu\u1ed3n n\u0103ng l\u01b0\u1ee3ng, gi\u00fap c\u00e1c con\u00a0<span style=\"font-weight: bolder;\">SUNG S\u1ee8C, S\u1eb4N S\u00c0NG<\/span>\u00a0b\u01b0\u1edbc v\u00e0o n\u0103m h\u1ecdc m\u1edbi.\u00a0<\/p><p style=\"margin-bottom: 1rem; font-size: 14px; color: #212529; font-family: Roboto, 'Odoo Unicode Support Noto', sans-serif; text-align: justify;\">Tr\u1ea1i h\u00e8 c\u00f2n \u0111em l\u1ea1i nh\u1eefng b\u00e0i h\u1ecdc v\u1ec1 l\u00f2ng nh\u00e2n \u00e1i,\u00a0<span style=\"font-weight: bolder;\">S\u1ef0 S\u1eba CHIA\u00a0<\/span>gi\u00fap c\u00e1c con h\u00ecnh th\u00e0nh nh\u00e2n c\u00e1ch.\u00a0<\/p><p style=\"font-size: 14px; color: #212529; font-family: Roboto, 'Odoo Unicode Support Noto', sans-serif; text-align: justify;\">Ch\u01b0\u01a1ng tr\u00ecnh h\u1ecdc kh\u00f4ng \u00e1p \u0111\u1eb7t, kh\u00f4ng khu\u00f4n m\u1eabu v\u1edbi c\u00e1c ch\u1ee7 \u0111\u1ec1<span style=\"font-weight: bolder;\">\u00a0STEAM<\/span>\u00a0v\u00e0 c\u00e1c bu\u1ed5i\u00a0<span style=\"font-weight: bolder;\">D\u00c3 NGO\u1ea0I\u00a0<\/span>tr\u1ea3i nghi\u1ec7m l\u00fd th\u00fa t\u1ea1i khu tr\u1ea3i nghi\u1ec7m Avatar<\/p>\t\t\t\t\t\t<\/div>\n\t\t\t\t<\/div>\n\t\t\t\t\t<\/div>\n\t\t<\/div>\n\t\t\t\t\t\t\t<\/div>\n\t\t<\/section>\n\t\t\t\t\t\t\t<\/div>\n\t\t","protected":false},"excerpt":{"rendered":"<p>\u00a0 GI\u00c1O D\u1ee4C TR\u1ea2I NGHI\u1ec6M L\u00e0 m\u00f9a h\u00e8 \u0111\u00fang ngh\u0129a khi c\u00e1c con \u0111\u01b0\u1ee3c r\u1eddi xa s\u00e1ch v\u1edf, TV, iPad \u0111\u1ec3\u00a0SAY M\u00ca\u00a0v\u1edbi nh\u1eefng tr\u1ea3i nghi\u1ec7m th\u00fa v\u1ecb v\u00e0 \u0111\u01b0\u1ee3c \u0111\u01b0\u1ee3c t\u1ef1 do\u00a0S\u00c1NG T\u1ea0O\u00a0v\u1edbi c\u00e1c ho\u1ea1t \u0111\u1ed9ng ngh\u1ec7 thu\u1eadt.\u00a0 Nh\u1eefng k\u1ef9 n\u0103ng th\u1ebf k\u1ef7 21 k\u1ebft h\u1ee3p v\u1edbi v\u1eadn \u0111\u1ed9ng th\u1ec3 thao s\u1ebd mang l\u1ea1i tri&#8230;<\/p>\n","protected":false},"author":1,"featured_media":0,"parent":0,"menu_order":0,"comment_status":"closed","ping_status":"closed","template":"","meta":[],"_links":{"self":[{"href":"https:\/\/trivietstem.edu.vn\/index.php?rest_route=\/wp\/v2\/pages\/2868"}],"collection":[{"href":"https:\/\/trivietstem.edu.vn\/index.php?rest_route=\/wp\/v2\/pages"}],"about":[{"href":"https:\/\/trivietstem.edu.vn\/index.php?rest_route=\/wp\/v2\/types\/page"}],"author":[{"embeddable":true,"href":"https:\/\/trivietstem.edu.vn\/index.php?rest_route=\/wp\/v2\/users\/1"}],"replies":[{"embeddable":true,"href":"https:\/\/trivietstem.edu.vn\/index.php?rest_route=%2Fwp%2Fv2%2Fcomments&post=2868"}],"version-history":[{"count":4,"href":"https:\/\/trivietstem.edu.vn\/index.php?rest_route=\/wp\/v2\/pages\/2868\/revisions"}],"predecessor-version":[{"id":2960,"href":"https:\/\/trivietstem.edu.vn\/index.php?rest_route=\/wp\/v2\/pages\/2868\/revisions\/2960"}],"wp:attachment":[{"href":"https:\/\/trivietstem.edu.vn\/index.php?rest_route=%2Fwp%2Fv2%2Fmedia&parent=2868"}],"curies":[{"name":"wp","href":"https:\/\/api.w.org\/{rel}","templated":true}]}}