{"id":596,"date":"2022-01-11T17:45:09","date_gmt":"2022-01-11T16:45:09","guid":{"rendered":"https:\/\/wordpress.vecurosoft.com\/kundax\/?page_id=596"},"modified":"2023-09-08T08:15:09","modified_gmt":"2023-09-08T08:15:09","slug":"about","status":"publish","type":"page","link":"https:\/\/trivietstem.edu.vn\/?page_id=596","title":{"rendered":"Gi\u1edbi thi\u1ec7u"},"content":{"rendered":"\t\t<div data-elementor-type=\"wp-page\" data-elementor-id=\"596\" class=\"elementor elementor-596\">\n\t\t\t\t\t\t\t\t\t<section class=\"elementor-section elementor-top-section elementor-element elementor-element-677af39 elementor-section-boxed elementor-section-height-default elementor-section-height-default\" data-id=\"677af39\" data-element_type=\"section\">\n\t\t\t\t\t\t<div class=\"elementor-container elementor-column-gap-default\">\n\t\t\t\t\t<div class=\"elementor-column elementor-col-100 elementor-top-column elementor-element elementor-element-60f01ed\" data-id=\"60f01ed\" data-element_type=\"column\">\n\t\t\t<div class=\"elementor-widget-wrap elementor-element-populated\">\n\t\t\t\t\t\t\t\t<div class=\"elementor-element elementor-element-0676164 elementor-widget elementor-widget-text-editor\" data-id=\"0676164\" data-element_type=\"widget\" data-widget_type=\"text-editor.default\">\n\t\t\t\t<div class=\"elementor-widget-container\">\n\t\t\t<style>\/*! elementor - v3.13.3 - 28-05-2023 *\/\n.elementor-widget-text-editor.elementor-drop-cap-view-stacked .elementor-drop-cap{background-color:#69727d;color:#fff}.elementor-widget-text-editor.elementor-drop-cap-view-framed .elementor-drop-cap{color:#69727d;border:3px solid;background-color:transparent}.elementor-widget-text-editor:not(.elementor-drop-cap-view-default) .elementor-drop-cap{margin-top:8px}.elementor-widget-text-editor:not(.elementor-drop-cap-view-default) .elementor-drop-cap-letter{width:1em;height:1em}.elementor-widget-text-editor .elementor-drop-cap{float:left;text-align:center;line-height:1;font-size:50px}.elementor-widget-text-editor .elementor-drop-cap-letter{display:inline-block}<\/style>\t\t\t\t<p><strong>C\u00f4ng ty C\u1ed5 ph\u1ea7n T\u1eadp \u0111o\u00e0n Gi\u00e1o d\u1ee5c Tr\u00ed Vi\u1ec7t<\/strong><span style=\"font-weight: 400;\">\u00a0<\/span><span style=\"font-weight: 400;\">l\u00e0 \u0111\u01a1n v\u1ecb chuy\u00ean nghi\u00ean c\u1ee9u, x\u00e2y d\u1ef1ng v\u00e0 tri\u1ec3n khai c\u00e1c ch\u01b0\u01a1ng tr\u00ecnh gi\u00e1o d\u1ee5c STEM t\u00edch h\u1ee3p v\u1edbi ch\u01b0\u01a1ng tr\u00ecnh gi\u00e1o d\u1ee5c ph\u1ed5 th\u00f4ng, k\u1ef9 n\u0103ng s\u1ed1ng, gi\u00e1 tr\u1ecb s\u1ed1ng v\u00e0 tr\u1ea3i nghi\u1ec7m cho h\u1ecdc sinh t\u1eeb M\u1ea7m non \u0111\u1ebfn Trung h\u1ecdc ph\u1ed5 th\u00f4ng. Trong n\u1ed7 l\u1ef1c ph\u1ed5 c\u1eadp ho\u00e1 b\u00e0i h\u1ecdc STEM \u0111\u1ebfn h\u1ecdc sinh, Tr\u00ed Vi\u1ec7t \u0111\u00e3 s\u1eed d\u1ee5ng c\u00f4ng ngh\u1ec7 s\u1ed1 ho\u00e1 b\u00e0i gi\u1ea3ng nh\u1eb1m \u0111em l\u1ea1i m\u1ed9t s\u1ea3n ph\u1ea9m d\u1ec5 d\u00e0ng nh\u00e2n b\u1ea3n, v\u1eadn h\u00e0nh v\u00e0 \u00e1p d\u1ee5ng.\u00a0<\/span><\/p><p><b>STEM\u00a0Tr\u00ed Vi\u1ec7t<\/b> l\u00e0 ph\u01b0\u01a1ng ph\u00e1p gi\u00e1o d\u1ee5c t\u00edch h\u1ee3p li\u00ean m\u00f4n, vi\u1ebft t\u1eaft c\u1ee7a c\u00e1c t\u1eeb Science (Khoa h\u1ecdc), Technology (C\u00f4ng ngh\u1ec7), Engineering (K\u1ef9 thu\u1eadt) v\u00e0 Mathematics (To\u00e1n h\u1ecdc). Ch\u01b0\u01a1ng tr\u00ecnh \u0111\u01b0\u1ee3c ph\u00e1t tri\u1ec3n b\u1edfi nhi\u1ec1u chuy\u00ean gia gi\u00e1o d\u1ee5c trong v\u00e0 ngo\u00e0i n\u01b0\u1edbc, k\u1ebft h\u1ee3p gi\u1eefa gi\u00e1o d\u1ee5c STEM c\u1ee7a Koa K\u1ef3 v\u00e0 v\u0103n ho\u00e1, l\u1ecbch s\u1eed, truy\u1ec1n th\u1ed1ng, th\u1ef1c ti\u1ec5n t\u1ea1i Vi\u1ec7t Nam, ph\u00f9 h\u1ee3p v\u1edbi t\u00e2m l\u00fd l\u1ee9a tu\u1ed5i v\u00e0 t\u00ednh c\u00e1ch h\u1ecdc sinh VI\u1ec7t Nam.<\/p><p><b>Gi\u00e1o d\u1ee5c STEM Tr\u00ed Vi\u1ec7t<\/b><span style=\"font-weight: 400;\"> l\u00e0 ph\u01b0\u01a1ng ph\u00e1p ti\u1ebfp c\u1eadn li\u00ean ng\u00e0nh, h\u1ecdc sinh \u00e1p d\u1ee5ng c\u00e1c ki\u1ebfn th\u1ee9c khoa h\u1ecdc, c\u00f4ng ngh\u1ec7, k\u1ef9 thu\u1eadt v\u00e0 to\u00e1n h\u1ecdc v\u00e0o b\u1ed1i c\u1ea3nh c\u1ee5 th\u1ec3.\u00a0<\/span><span style=\"color: var(--body-color); font-family: var(--para-font);\">K\u1ef9 n\u0103ng Giao ti\u1ebfp (Communication), H\u1ee3p t\u00e1c (Collaboration), S\u00e1ng t\u1ea1o (Creativity) v\u00e0 T\u01b0 duy ph\u1ea3n bi\u1ec7n (Critical thinking) c\u0169ng \u0111\u01b0\u1ee3c ph\u00e1t huy trong ch\u01b0\u01a1ng tr\u00ecnh gi\u00e1o d\u1ee5c STEM Tr\u00ed Vi\u1ec7t. C\u00e1c k\u1ef9 n\u0103ng n\u00e0y gi\u00fap ng\u01b0\u1eddi h\u1ecdc n\u00e2ng cao kh\u1ea3 n\u0103ng l\u00e0m vi\u1ec7c theo nh\u00f3m, t\u01b0 duy chi\u1ebfn l\u01b0\u1ee3c, \u0111\u1ecbnh h\u01b0\u1edbng m\u1ee5c ti\u00eau, gi\u1ea3i quy\u1ebft v\u1ea5n \u0111\u1ec1 v\u00e0 qu\u1ea3n l\u00fd th\u1eddi gian. Ngo\u00e0i ra, y\u1ebfu t\u1ed1 Ngh\u1ec7 thu\u1eadt (Art) c\u0169ng \u0111\u01b0\u1ee3c \u0111\u01b0a v\u00e0o qu\u00e1 tr\u00ecnh thi\u1ebft k\u1ebf v\u00e0 ch\u1ebf t\u1ea1o s\u1ea3n ph\u1ea9m.<\/span><\/p><p><b>L\u1ee3i \u00edch c\u1ee7a ch\u01b0\u01a1ng tr\u00ecnh STEM Tr\u00ed Vi\u1ec7t<\/b><span style=\"font-weight: 400;\">, <i>\u0111\u1ed1i v\u1edbi h\u1ecdc sinh<\/i>:<\/span><\/p><ul><li style=\"font-weight: 400;\" aria-level=\"1\"><span style=\"font-weight: 400;\">\u0110\u01b0\u1ee3c t\u1ef1 do s\u00e1ng ch\u1ebf s\u1ea3n ph\u1ea9m nh\u1eb1m gi\u1ea3i quy\u1ebft m\u1ed9t v\u1ea5n \u0111\u1ec1 c\u1ee5 th\u1ec3;<\/span><\/li><li style=\"font-weight: 400;\" aria-level=\"1\"><span style=\"font-weight: 400;\">\u0110\u01b0\u1ee3c v\u1eadn d\u1ee5ng ki\u1ebfn th\u1ee9c v\u00e0o th\u1ef1c t\u1ebf;<\/span><\/li><li style=\"font-weight: 400;\" aria-level=\"1\"><span style=\"font-weight: 400;\">H\u00e0o h\u1ee9ng v\u00e0 ch\u1ee7 \u0111\u1ed9ng trong qu\u00e1 tr\u00ecnh h\u1ecdc t\u1eadp;<\/span><\/li><li style=\"font-weight: 400;\" aria-level=\"1\"><span style=\"font-weight: 400;\">\u0110\u01b0\u1ee3c r\u00e8n luy\u1ec7n, h\u00ecnh th\u00e0nh c\u00e1c n\u0103ng l\u1ef1c v\u00e0 ph\u1ea9m ch\u1ea5t;<\/span><\/li><li style=\"font-weight: 400;\" aria-level=\"1\"><span style=\"font-weight: 400;\">\u0110\u01b0\u1ee3c t\u1ef1 r\u00e8n luy\u1ec7n \u1edf nh\u00e0 qua ch\u01b0\u01a1ng tr\u00ecnh \u201cH\u1ecdc m\u00e0 ch\u01a1i, Ch\u01a1i \u0111\u1ec3 h\u1ecdc &#8211; Hacking STEM Tr\u00ed Vi\u1ec7t\u201d.<\/span><\/li><\/ul><p><span style=\"font-weight: 400;\"><i>\u0110\u1ed1i v\u1edbi gi\u00e1o vi\u00ean<\/i>:<\/span><\/p><ul><li style=\"font-weight: 400;\" aria-level=\"1\"><span style=\"font-weight: 400;\">\u0110\u01b0\u1ee3c cung c\u1ea5p Gi\u00e1o \u00e1n, B\u00e0i gi\u1ea3ng tr\u00ecnh chi\u1ebfu, Teacher AI, Video, Phi\u1ebfu h\u1ecdc t\u1eadp v\u00e0 B\u1ea3ng \u0111\u00e1nh gi\u00e1;\u00a0<\/span><\/li><li style=\"font-weight: 400;\" aria-level=\"1\"><span style=\"font-weight: 400;\">\u0110\u01b0\u1ee3c cung c\u1ea5p h\u1ecdc li\u1ec7u cho m\u1ed7i b\u00e0i d\u1ea1y;<\/span><\/li><li style=\"font-weight: 400;\" aria-level=\"1\"><span style=\"font-weight: 400;\">\u0110\u01b0\u1ee3c \u0111\u00e0o t\u1ea1o b\u00e0i b\u1ea3n v\u1ec1 ph\u01b0\u01a1ng ph\u00e1p v\u00e0 k\u1ef9 thu\u1eadt d\u1ea1y h\u1ecdc;<\/span><\/li><li style=\"font-weight: 400;\" aria-level=\"1\"><span style=\"font-weight: 400;\">\u0110\u01b0\u1ee3c c\u1ea5p ch\u1ee9ng nh\u1eadn \u0111\u00e0o t\u1ea1o.<\/span><\/li><\/ul><p><span style=\"font-weight: 400;\"><i>\u0110\u1ed1i v\u1edbi ph\u1ee5 huynh<\/i>:<\/span><\/p><ul><li style=\"font-weight: 400;\" aria-level=\"1\"><span style=\"font-weight: 400;\">\u0110\u01b0\u1ee3c tr\u1ea3i nghi\u1ec7m c\u00f9ng con v\u1edbi \u201cHacking STEM c\u00f9ng con y\u00eau\u201d;<\/span><\/li><li style=\"font-weight: 400;\" aria-level=\"1\"><span style=\"font-weight: 400;\">T\u1ef1 \u0111\u00e1nh gi\u00e1 \u0111\u01b0\u1ee3c n\u0103ng l\u1ef1c v\u00e0 ph\u1ea9m ch\u1ea5t c\u1ee7a con;<\/span><\/li><li style=\"font-weight: 400;\" aria-level=\"1\"><span style=\"font-weight: 400;\">\u0110\u01b0\u1ee3c c\u1eadp nh\u1eadt h\u1ed3 s\u01a1 h\u1ecdc t\u1eadp\/ tr\u1ea3i nghi\u1ec7m STEM c\u1ee7a con.<\/span><\/li><\/ul><p><span style=\"font-weight: 400;\"><i>\u0110\u1ed1i v\u1edbi nh\u00e0 tr\u01b0\u1eddng<\/i>:<\/span><\/p><ul><li style=\"font-weight: 400;\" aria-level=\"1\"><span style=\"font-weight: 400;\">\u0110\u01b0\u1ee3c tri\u1ec3n khai r\u1ed9ng r\u00e3i ch\u01b0\u01a1ng tr\u00ecnh STEM t\u1ea1i tr\u01b0\u1eddng h\u1ecdc;<\/span><\/li><li style=\"font-weight: 400;\" aria-level=\"1\"><span style=\"font-weight: 400;\">Gi\u00e1o vi\u00ean \u0111\u01b0\u1ee3c \u0111\u00e0o t\u1ea1o v\u1ec1 ph\u01b0\u01a1ng ph\u00e1p v\u00e0 k\u1ef9 thu\u1eadt d\u1ea1y h\u1ecdc t\u00edch c\u1ef1c;\u00a0<\/span><\/li><li style=\"font-weight: 400;\" aria-level=\"1\"><span style=\"font-weight: 400;\">\u1ee8ng d\u1ee5ng CNTT trong gi\u1ea3ng d\u1ea1y;<\/span><\/li><li style=\"font-weight: 400;\" aria-level=\"1\"><span style=\"font-weight: 400;\">T\u1ed5 ch\u1ee9c \u0111\u01b0\u1ee3c ng\u00e0y h\u1ed9i STEM;\u00a0<\/span><\/li><li style=\"font-weight: 400;\" aria-level=\"1\"><span style=\"font-weight: 400;\">\u0110\u00e1nh gi\u00e1 n\u0103ng l\u1ef1c &amp; ph\u1ea9m ch\u1ea5t c\u1ee7a h\u1ecdc sinh th\u00f4ng qua H\u1ed3 s\u01a1 h\u1ecdc t\u1eadp STEM.<\/span>\u00a0 \u00a0 \u00a0 \u00a0<span style=\"font-family: Catamaran, sans-serif; color: var(--title-color);\">\u00a0<\/span>\u00a0 \u00a0 \u00a0 \u00a0 \u00a0 \u00a0 \u00a0 \u00a0 \u00a0<span style=\"font-family: Catamaran, sans-serif; color: var(--title-color);\">\u00a0<\/span><\/li><\/ul><h1><b style=\"color: var(--title-color); font-family: Catamaran, sans-serif;\"><img decoding=\"async\" loading=\"lazy\" class=\"aligncenter wp-image-3343 size-full\" src=\"https:\/\/trivietstem.edu.vn\/wp-content\/uploads\/2023\/09\/Anh-chup-Man-hinh-2023-09-08-luc-15.14.37.png\" alt=\"\" width=\"868\" height=\"960\" srcset=\"https:\/\/trivietstem.edu.vn\/wp-content\/uploads\/2023\/09\/Anh-chup-Man-hinh-2023-09-08-luc-15.14.37.png 868w, https:\/\/trivietstem.edu.vn\/wp-content\/uploads\/2023\/09\/Anh-chup-Man-hinh-2023-09-08-luc-15.14.37-271x300.png 271w, https:\/\/trivietstem.edu.vn\/wp-content\/uploads\/2023\/09\/Anh-chup-Man-hinh-2023-09-08-luc-15.14.37-768x849.png 768w\" sizes=\"(max-width: 868px) 100vw, 868px\" \/>\u00a0 \u00a0 \u00a0 \u00a0 \u00a0 \u00a0 \u00a0 \u00a0 \u00a0 \u00a0 \u00a0 \u00a0 \u00a0 \u00a0 \u00a0 \u00a0 \u00a0<\/b><\/h1>\t\t\t\t\t\t<\/div>\n\t\t\t\t<\/div>\n\t\t\t\t\t<\/div>\n\t\t<\/div>\n\t\t\t\t\t\t\t<\/div>\n\t\t<\/section>\n\t\t\t\t\t\t\t<\/div>\n\t\t","protected":false},"excerpt":{"rendered":"<p>C\u00f4ng ty C\u1ed5 ph\u1ea7n T\u1eadp \u0111o\u00e0n Gi\u00e1o d\u1ee5c Tr\u00ed Vi\u1ec7t\u00a0l\u00e0 \u0111\u01a1n v\u1ecb chuy\u00ean nghi\u00ean c\u1ee9u, x\u00e2y d\u1ef1ng v\u00e0 tri\u1ec3n khai c\u00e1c ch\u01b0\u01a1ng tr\u00ecnh gi\u00e1o d\u1ee5c STEM t\u00edch h\u1ee3p v\u1edbi ch\u01b0\u01a1ng tr\u00ecnh gi\u00e1o d\u1ee5c ph\u1ed5 th\u00f4ng, k\u1ef9 n\u0103ng s\u1ed1ng, gi\u00e1 tr\u1ecb s\u1ed1ng v\u00e0 tr\u1ea3i nghi\u1ec7m cho h\u1ecdc sinh t\u1eeb M\u1ea7m non \u0111\u1ebfn Trung h\u1ecdc ph\u1ed5 th\u00f4ng&#8230;.<\/p>\n","protected":false},"author":1,"featured_media":0,"parent":0,"menu_order":0,"comment_status":"closed","ping_status":"closed","template":"template-builder.php","meta":[],"_links":{"self":[{"href":"https:\/\/trivietstem.edu.vn\/index.php?rest_route=\/wp\/v2\/pages\/596"}],"collection":[{"href":"https:\/\/trivietstem.edu.vn\/index.php?rest_route=\/wp\/v2\/pages"}],"about":[{"href":"https:\/\/trivietstem.edu.vn\/index.php?rest_route=\/wp\/v2\/types\/page"}],"author":[{"embeddable":true,"href":"https:\/\/trivietstem.edu.vn\/index.php?rest_route=\/wp\/v2\/users\/1"}],"replies":[{"embeddable":true,"href":"https:\/\/trivietstem.edu.vn\/index.php?rest_route=%2Fwp%2Fv2%2Fcomments&post=596"}],"version-history":[{"count":29,"href":"https:\/\/trivietstem.edu.vn\/index.php?rest_route=\/wp\/v2\/pages\/596\/revisions"}],"predecessor-version":[{"id":3346,"href":"https:\/\/trivietstem.edu.vn\/index.php?rest_route=\/wp\/v2\/pages\/596\/revisions\/3346"}],"wp:attachment":[{"href":"https:\/\/trivietstem.edu.vn\/index.php?rest_route=%2Fwp%2Fv2%2Fmedia&parent=596"}],"curies":[{"name":"wp","href":"https:\/\/api.w.org\/{rel}","templated":true}]}}